{"id":29,"date":"2025-07-04T16:13:17","date_gmt":"2025-07-04T16:13:17","guid":{"rendered":"https:\/\/theaquino.com.br\/home\/"},"modified":"2026-03-30T20:06:48","modified_gmt":"2026-03-30T20:06:48","slug":"home","status":"publish","type":"page","link":"https:\/\/theaquino.com.br\/en\/","title":{"rendered":"Home"},"content":{"rendered":"<p>Lorem Ipsum has been the industry&#8217;s standard dummy text ever since the 1500s.<\/p>\n\n\n\n\n\n\n\n\n\n\n\n\n\n<p>Lorem Ipsum has been the industry&#8217;s standard dummy text ever since the 1500s.<\/p>\n\n\n\n\n\n\n\n\n\n\n\n\n\n\n\n\n\n\n\n\n\n\n<h4>Illustrator &amp; Graphic Designer<\/h4>\n\n\n<h2>Julia <span style=\"color:#61FFD0\">de Aquino<\/span><\/h2>\n\n\n\n\n\n\n<h2>A little about\u00a0<span style=\"color:#61FFD0\">me<\/span><\/h2>\n\n\n<p class=\"ds-markdown-paragraph\"><strong><span>Me chamo J\u00falia de Aquino, tamb\u00e9m conhecida como &#8220;Akino&#8221;. \nBrasileira, 27 anos, minha trajet\u00f3ria \u00e9 marcada por duas grandes \npaix\u00f5es: arte e jogos. Sou formada em Publicidade e Propaganda pela \nUniversidade de Bras\u00edlia (UnB), no Brasil, e em Ilustra\u00e7\u00e3o de Quadrinhos\n pelo Toyo Institute of Art and Design, em T\u00f3quio, no Jap\u00e3o.<\/span><\/strong><\/p><p class=\"ds-markdown-paragraph\"><strong><span><br>My professional activity is focused on institutional and educational content. At the same time, I develop authorial projects that explore my creativity more freely, such as my clothing brand Monstah! and my own games.<\/span><\/strong><\/p><p class=\"ds-markdown-paragraph\"><strong><span><br>For the future, I aim to get involved in projects that are genuinely appreciated by many.<\/span><\/strong><\/p>\n\n\n\n\n\n<p>Lorem Ipsum has been the industry&#8217;s standard dummy text ever since the 1500s.<\/p>\n\n\n\n\n\n\n<h2>Graphic\u00a0<span style=\"color:#61FFD0\">Design<\/span><\/h2>\n\n\n\n\nMy graphic design work explores the intersection of visual identity and editorial design, with an emphasis on projects that balance creative authorship and clear communication.\n\n\n\n\n\n\n\n\n\n\n\n<h2>Miscellaneous <span style=\"color:#61FFD0\">Products<\/span><\/h2>\n\n\nMy work on a variety of products brings together commercial projects and academic highlights that demonstrate my creative versatility. From visual identities to graphic solutions for different formats and audiences, each project reflects a balance between functional purpose and authorial expression.\n\n\n\n\n\n\n\n\n\n\n\n\n\n\n<h2>\n<\/h2><h2><span class=\"HwtZe\" lang=\"pt\"><span class=\"jCAhz ChMk0b\"><span class=\"ryNqvb\">Overview of my skills<\/span><\/span><\/span><\/h2>\n\n<h2>\n<\/h2><h2><span class=\"HwtZe\" lang=\"pt\"><span class=\"jCAhz ChMk0b\"><span class=\"ryNqvb\">Overview <br>my skills<\/span><\/span><\/span><\/h2>\n\nA summary of what I can do.\n\n\n\n\n<h4>Software<\/h4>\n\n\nDesigning\n\n\nDesigning\n\n\nDesigning\n\n\nDesigning\n\n\nDesigning\n\n\nDesigning\n\n\nDesigning\n\n\nDesigning\n\n\n\n\n<h4>Others<\/h4>\n\n\nDesigning\n\n\nDesigning\n\n\nDesigning\n\n\nDesigning\n\n\nDesigning\n\n\nDesigning\n\nWebdesign\nWebdesign\n\n\n\n\n\n<h2>Contact<\/h2>\n\n\n\n\n\n\n<h2>Contact<\/h2>","protected":false},"excerpt":{"rendered":"","protected":false},"author":1,"featured_media":0,"parent":0,"menu_order":0,"comment_status":"closed","ping_status":"closed","template":"","meta":{"pagelayer_contact_templates":{"qzg6010":{"from_email":"$email","cont_subject":"contact-form","cont_header":"$name, $contact, $website, $email, $subject, $description","cont_use_html":"true"}},"_pagelayer_content":"","inline_featured_image":false,"_uag_custom_page_level_css":"","dsgo_overlay_header":false,"dsgo_overlay_header_text_color":"","dsgo_overlay_skip_top_bar":false,"_designsetgo_exclude_llms":false,"footnotes":""},"class_list":["post-29","page","type-page","status-publish","hentry"],"uagb_featured_image_src":{"full":false,"thumbnail":false,"medium":false,"medium_large":false,"large":false,"1536x1536":false,"2048x2048":false,"trp-custom-language-flag":false},"uagb_author_info":{"display_name":"admin","author_link":"https:\/\/theaquino.com.br\/en\/author\/admin\/"},"uagb_comment_info":0,"uagb_excerpt":null,"jetpack_sharing_enabled":true,"_links":{"self":[{"href":"https:\/\/theaquino.com.br\/en\/wp-json\/wp\/v2\/pages\/29","targetHints":{"allow":["GET"]}}],"collection":[{"href":"https:\/\/theaquino.com.br\/en\/wp-json\/wp\/v2\/pages"}],"about":[{"href":"https:\/\/theaquino.com.br\/en\/wp-json\/wp\/v2\/types\/page"}],"author":[{"embeddable":true,"href":"https:\/\/theaquino.com.br\/en\/wp-json\/wp\/v2\/users\/1"}],"replies":[{"embeddable":true,"href":"https:\/\/theaquino.com.br\/en\/wp-json\/wp\/v2\/comments?post=29"}],"version-history":[{"count":192,"href":"https:\/\/theaquino.com.br\/en\/wp-json\/wp\/v2\/pages\/29\/revisions"}],"predecessor-version":[{"id":1741,"href":"https:\/\/theaquino.com.br\/en\/wp-json\/wp\/v2\/pages\/29\/revisions\/1741"}],"wp:attachment":[{"href":"https:\/\/theaquino.com.br\/en\/wp-json\/wp\/v2\/media?parent=29"}],"curies":[{"name":"wp","href":"https:\/\/api.w.org\/{rel}","templated":true}]}}