{"id":860,"date":"2026-03-23T19:01:12","date_gmt":"2026-03-23T19:01:12","guid":{"rendered":"https:\/\/theaquino.com.br\/?page_id=860"},"modified":"2026-03-28T00:48:59","modified_gmt":"2026-03-28T00:48:59","slug":"encruzilhada","status":"publish","type":"page","link":"https:\/\/theaquino.com.br\/en\/encruzilhada\/","title":{"rendered":"Crossroads"},"content":{"rendered":"Categoria\n\n\n\n\n\n\n\n\n\n\n\n\nSoftware\n\n\n\n\n\n\n\n\n\n\n\n\n\n\nTempo\n\n\n\n\n\n\n\n\n\n\n\n\n\n\n\n\nCategoria\n\n\n\n\nSoftware\n\n\n\n\n\n\nTempo\n\n\n\n\n\n\n\n\n\n\n\n\n<h2><span data-pts=\"\">Art &amp; Culture Magazine<\/span><\/h2>\n<p>Lorem Ipsum has been the industry&#8217;s standard dummy text ever since the 1500s.<\/p>\n\n\n\n\n\n<h2><span data-pts=\"\">Art &amp; Culture <br>Magazine<\/span><\/h2>\n<p>Lorem Ipsum has been the industry&#8217;s standard dummy text ever since the 1500s.<\/p>\n\n\n\n\n\n\n\n\n\n\n\n<strong>Concept:<\/strong>&nbsp;Creation of a print and digital magazine about art, culture, and Brazilian society from the perspective of its crossroads\u2014encounters, mixtures, contradictions. Each edition explores a theme in depth through essays, interviews, poetry, and visual arts.\n\n\n\n\n\n\n\n\n<strong>Target:<\/strong> Readers interested in culture, such as artists, researchers, university students, and a Brazilian urban, cosmopolitan audience.\n\n\n\n\n\n\n\n\n<b>Challenge:<\/b> To develop the graphic design of an edition, demonstrating mastery of editorial design for dense content, where the text takes center stage but dialogues with imagery in an integrated and sophisticated manner.\n\n\n\n\n\n\n\n\n\n\n\n\n\n\n\n\n\n<strong>Concept:<\/strong>&nbsp;Creation of a print and digital magazine about art, culture, and Brazilian society from the perspective of its crossroads\u2014encounters, mixtures, contradictions. Each edition explores a theme in depth through essays, interviews, poetry, and visual arts.\n<strong>Target:<\/strong> Readers interested in culture, such as artists, researchers, university students, and a Brazilian urban, cosmopolitan audience.\n<b>Challenge:<\/b> Desenvolver o projeto gr\u00e1fico de uma edi\u00e7\u00e3o, demonstrando dom\u00ednio de design editorial para conte\u00fados densos, onde o texto \u00e9 protagonista, mas dialoga com a imagem de forma integrada e sofisticada.\n\n\n\n\n\n\nTipografia, grid e layout\nTipografia, <br>grid and layout\n<span>The project balances sophistication and accessibility. The serif typography ensures comfortable reading for long texts, while the spacing and careful placement of images create a visually rich experience without competing with the text. Regarding the defined grid, two columns were established with a 1cm space between them, allowing for a comfortable and spacious reading area, as well as enabling images to be placed in proportion to the text.<\/span>\n\n\n\n\n\n\n\n\n\n\n\n\n\n\n\n\n\n\n\n\n\n\n\n\n\n\n\n\n<div class=\"_3d-flip-book  fb3d-fullscreen-mode full-size\" data-id=\"865\" data-mode=\"fullscreen\" data-title=\"false\" data-template=\"short-white-book-view\" data-lightbox=\"dark-shadow\" data-urlparam=\"fb3d-page\" data-page-n=\"0\" data-pdf=\"\" data-tax=\"null\" data-thumbnail=\"\" data-cols=\"3\" data-book-template=\"default\" data-trigger=\"\"><\/div><script type=\"text\/javascript\">window.FB3D_CLIENT_DATA = window.FB3D_CLIENT_DATA || [];FB3D_CLIENT_DATA.push('eyJwb3N0cyI6eyI4NjUiOnsiSUQiOjg2NSwidGl0bGUiOiJFbmNydXppbGhhZGEgLSBBcnRlIGUgQ3VsdHVyYSIsInR5cGUiOiJwZGYiLCJyZWFkeV9mdW5jdGlvbiI6IiIsImJvb2tfc3R5bGUiOiJ2b2x1bWUtcGFkZGluZ3MtdW5yb2xsaW5nIiwiYm9va190ZW1wbGF0ZSI6Im5vbmUiLCJvdXRsaW5lIjpbXSwiZGF0YSI6eyJwb3N0X0lEIjoiODY4IiwiZ3VpZCI6Imh0dHBzOlwvXC90aGVhcXVpbm8uY29tLmJyXC93cC1jb250ZW50XC91cGxvYWRzXC8yMDI2XC8wM1wvZmluYWwucGRmIiwicGRmX3BhZ2VzIjoiMjMiLCJwYWdlc19jdXN0b21pemF0aW9uIjoibm9uZSJ9LCJ0aHVtYm5haWwiOnsiZGF0YSI6eyJwb3N0X0lEIjoiMCJ9LCJ0eXBlIjoiYXV0byJ9LCJwcm9wcyI6eyJoZWlnaHQiOiJhdXRvIiwid2lkdGgiOiJhdXRvIiwiYmFja2dyb3VuZENvbG9yIjoiYXV0byIsImJhY2tncm91bmRJbWFnZSI6ImF1dG8iLCJiYWNrZ3JvdW5kU3R5bGUiOiJhdXRvIiwiaGlnaGxpZ2h0TGlua3MiOiJhdXRvIiwibGlnaHRpbmciOiJhdXRvIiwic2luZ2xlUGFnZU1vZGUiOiJhdXRvIiwiZ3Jhdml0eSI6ImF1dG8iLCJjYWNoZWRQYWdlcyI6ImF1dG8iLCJyZW5kZXJJbmFjdGl2ZVBhZ2VzIjoiYXV0byIsInJlbmRlckluYWN0aXZlUGFnZXNPbk1vYmlsZSI6ImF1dG8iLCJyZW5kZXJXaGlsZUZsaXBwaW5nIjoiYXV0byIsInBhZ2VzRm9yUHJlZGljdGluZyI6ImF1dG8iLCJwcmVsb2FkUGFnZXMiOiJhdXRvIiwicnRsIjoiYXV0byIsImludGVyYWN0aXZlQ29ybmVycyI6ImF1dG8iLCJtYXhEZXB0aCI6ImF1dG8iLCJhdXRvUGxheUR1cmF0aW9uIjoiYXV0byIsInNoZWV0Ijp7InN0YXJ0VmVsb2NpdHkiOiJhdXRvIiwiY29ybmVyRGV2aWF0aW9uIjoiYXV0byIsImZsZXhpYmlsaXR5IjoiYXV0byIsImZsZXhpYmxlQ29ybmVyIjoiYXV0byIsImJlbmRpbmciOiJhdXRvIiwid2F2ZSI6ImF1dG8iLCJ3aWR0aFRleGVscyI6ImF1dG8iLCJoZWlnaHRUZXhlbHMiOiJhdXRvIiwiY29sb3IiOiJhdXRvIiwic2lkZSI6ImF1dG8iLCJzaGFwZSI6ImF1dG8iLCJzdHJldGNoSW1hZ2VzIjoiYXV0byJ9LCJjb3ZlciI6eyJzdGFydFZlbG9jaXR5IjoiYXV0byIsImZsZXhpYmlsaXR5IjoiYXV0byIsImZsZXhpYmxlQ29ybmVyIjoiYXV0byIsImJlbmRpbmciOiJhdXRvIiwid2F2ZSI6ImF1dG8iLCJ3aWR0aFRleGVscyI6ImF1dG8iLCJoZWlnaHRUZXhlbHMiOiJhdXRvIiwiY29sb3IiOiJhdXRvIiwiZGVwdGgiOiJhdXRvIiwicGFkZGluZyI6ImF1dG8iLCJiaW5kZXJUZXh0dXJlIjoiYXV0byIsIm1hc3MiOiJhdXRvIiwic2lkZSI6ImF1dG8iLCJzaGFwZSI6ImF1dG8iLCJzdHJldGNoSW1hZ2VzIjoiYXV0byJ9LCJwYWdlIjp7InN0YXJ0VmVsb2NpdHkiOiJhdXRvIiwiZmxleGliaWxpdHkiOiJhdXRvIiwiZmxleGlibGVDb3JuZXIiOiJhdXRvIiwiYmVuZGluZyI6ImF1dG8iLCJ3YXZlIjoiYXV0byIsIndpZHRoVGV4ZWxzIjoiYXV0byIsImhlaWdodFRleGVscyI6ImF1dG8iLCJjb2xvciI6ImF1dG8iLCJkZXB0aCI6ImF1dG8iLCJtYXNzIjoiYXV0byIsInNpZGUiOiJhdXRvIiwic2hhcGUiOiJhdXRvIiwic3RyZXRjaEltYWdlcyI6ImF1dG8ifX0sImNvbnRyb2xQcm9wcyI6eyJhY3Rpb25zIjp7ImNtZFRvYyI6eyJlbmFibGVkIjoiYXV0byIsImVuYWJsZWRJbk5hcnJvdyI6ImF1dG8iLCJhY3RpdmUiOiJhdXRvIiwiZGVmYXVsdFRhYiI6ImF1dG8ifSwiY21kQXV0b1BsYXkiOnsiZW5hYmxlZCI6ImF1dG8iLCJlbmFibGVkSW5OYXJyb3ciOiJhdXRvIiwiYWN0aXZlIjoiYXV0byJ9LCJjbWRTYXZlIjp7ImVuYWJsZWQiOiJhdXRvIiwiZW5hYmxlZEluTmFycm93IjoiYXV0byJ9LCJjbWRQcmludCI6eyJlbmFibGVkIjoiYXV0byIsImVuYWJsZWRJbk5hcnJvdyI6ImF1dG8ifSwiY21kU2luZ2xlUGFnZSI6eyJlbmFibGVkIjoiYXV0byIsImVuYWJsZWRJbk5hcnJvdyI6ImF1dG8iLCJhY3RpdmUiOiJhdXRvIiwiYWN0aXZlRm9yTW9iaWxlIjoiYXV0byJ9LCJ3aWRUb29sYmFyIjp7ImVuYWJsZWQiOiJhdXRvIiwiZW5hYmxlZEluTmFycm93IjoiYXV0byJ9fX0sImF1dG9UaHVtYm5haWwiOm51bGwsInBvc3RfbmFtZSI6ImVuY3J1emlsaGFkYS1hcnRlLWUtY3VsdHVyYSIsInBvc3RfdHlwZSI6IjNkLWZsaXAtYm9vayJ9fSwicGFnZXMiOltdLCJmaXJzdFBhZ2VzIjpbXX0=');window.FB3D_CLIENT_LOCALE && FB3D_CLIENT_LOCALE.render && FB3D_CLIENT_LOCALE.render();<\/script>","protected":false},"excerpt":{"rendered":"","protected":false},"author":1,"featured_media":0,"parent":0,"menu_order":0,"comment_status":"closed","ping_status":"closed","template":"","meta":{"pagelayer_contact_templates":[],"_pagelayer_content":"","inline_featured_image":false,"_uag_custom_page_level_css":"","dsgo_overlay_header":false,"dsgo_overlay_header_text_color":"","dsgo_overlay_skip_top_bar":false,"_designsetgo_exclude_llms":false,"footnotes":""},"class_list":["post-860","page","type-page","status-publish","hentry"],"uagb_featured_image_src":{"full":false,"thumbnail":false,"medium":false,"medium_large":false,"large":false,"1536x1536":false,"2048x2048":false,"trp-custom-language-flag":false},"uagb_author_info":{"display_name":"admin","author_link":"https:\/\/theaquino.com.br\/en\/author\/admin\/"},"uagb_comment_info":0,"uagb_excerpt":null,"jetpack_sharing_enabled":true,"_links":{"self":[{"href":"https:\/\/theaquino.com.br\/en\/wp-json\/wp\/v2\/pages\/860","targetHints":{"allow":["GET"]}}],"collection":[{"href":"https:\/\/theaquino.com.br\/en\/wp-json\/wp\/v2\/pages"}],"about":[{"href":"https:\/\/theaquino.com.br\/en\/wp-json\/wp\/v2\/types\/page"}],"author":[{"embeddable":true,"href":"https:\/\/theaquino.com.br\/en\/wp-json\/wp\/v2\/users\/1"}],"replies":[{"embeddable":true,"href":"https:\/\/theaquino.com.br\/en\/wp-json\/wp\/v2\/comments?post=860"}],"version-history":[{"count":58,"href":"https:\/\/theaquino.com.br\/en\/wp-json\/wp\/v2\/pages\/860\/revisions"}],"predecessor-version":[{"id":1555,"href":"https:\/\/theaquino.com.br\/en\/wp-json\/wp\/v2\/pages\/860\/revisions\/1555"}],"wp:attachment":[{"href":"https:\/\/theaquino.com.br\/en\/wp-json\/wp\/v2\/media?parent=860"}],"curies":[{"name":"wp","href":"https:\/\/api.w.org\/{rel}","templated":true}]}}