{"id":938,"date":"2026-03-25T16:04:12","date_gmt":"2026-03-25T16:04:12","guid":{"rendered":"https:\/\/theaquino.com.br\/?page_id=938"},"modified":"2026-03-28T00:47:42","modified_gmt":"2026-03-28T00:47:42","slug":"estudio-nomade","status":"publish","type":"page","link":"https:\/\/theaquino.com.br\/en\/estudio-nomade\/","title":{"rendered":"Est\u00fadio Nomade"},"content":{"rendered":"Categoria\n\n\n\n\n\n\n\n\n\n\n\n\nSoftware\n\n\n\n\n\n\n\n\n\n\n\n\n\nTempo\n\n\n\n\n\n\n\n\n\n\n\n\n\n\n\n\nCategoria\n\n\n\n\nSoftware\n\n\n\n\n\nTempo\n\n\n\n\n\n\n\n\n\n\n\n\n\n\n\n\n\n\n\n\n\n\n\n\n\n\n\n\n\n\nO Conceito\nO conceito base desse projeto era a cria\u00e7\u00e3o de uma marca para um \ncoletivo de designers, ilustradores e desenvolvedores freelancers que \ntrabalham remotamente de diferentes partes do Brasil e cujo objetivo seja contribuir em projetos de clientes que valorizam o trabalho \ncriativo e centrado no ser humano.\n\n\n\n\n\nO P\u00fablico\nPotenciais clientes do coletivo, sendo eles: pequenos neg\u00f3cios, institui\u00e7\u00f5es culturais, marcas \u00e9ticas e colaboradores.\n\n\n\n\n\n\nO Desafio\nCriar uma identidade visual que perten\u00e7a a um grupo transparente com a filosofia &#8220;arte para humanos, por humanos&#8221; e n\u00e3o uma ag\u00eancia sem rosto.\n\n\n\n\n\n\nLogomarca\n\n\n\nVers\u00e3o Completa\nSeguindo a filosofia da empresa, a logomarca foi feita completamente \u00e0 m\u00e3o e depois vetorizada para uso em .svg e para quaisquer necessidades do coletivo.\n<p>Each letter was made separately to facilitate customization when needed. <\/p>\n<p>A handcrafted logo also ensures an aspect of originality, as it contains no public typography and cannot be easily replicated. <\/p>\n<p>Em rela\u00e7\u00e3o \u00e0 inten\u00e7\u00e3o e idealiza\u00e7\u00e3o por tr\u00e1s da imagem, a letra N foi estilizada para representar um p\u00e9 e ligar-se ao conceito de &#8220;N\u00f4made&#8221;, nome do est\u00fadio. <\/p>\n<p>The shape also references the artwork Abaporu, embodying the brand's identity-driven artistic ideals.\"<\/p>\n<p>Lorem Ipsum has been the industry&#8217;s standard dummy text ever since the 1500s.<\/p>\nVizualiza\u00e7\u00e3o dos caminhos vetorizados.\n\n\n\n\n\n\n\n\n\n\n\n\n\nVaria\u00e7\u00f5es<br>em P&amp;B\nPara as vers\u00f5es em preto e branco, foram feitas duas vers\u00f5es, uma vazada\n com os tra\u00e7ados e outra preenchida, para serem usadas de acordo com a \nnecessidade.\n\n\n\n\n\n\n\n\n\n\n\n\n\nVaria\u00e7\u00f5es em P&amp;B\nPara as vers\u00f5es em preto e branco, foram feitas duas vers\u00f5es, uma vazada com os tra\u00e7ados e outra preenchida, para serem usadas de acordo com a necessidade.\n\n\n\n\nVaria\u00e7\u00f5es <br>em Cores\nA logomarca tamb\u00e9m permite a varia\u00e7\u00e3o de suas cores com base nas cores da paleta oficial, podendo assim ser aplicada em sua forma colorida ao mesmo tempo que cria contraste e destaque para a marca e evita o conflito de tons.\n<p>The distinctive and original shape of the brand ensures that changing colors does not hinder its recognition.<\/p>\n\n\n\n\n\n\n\n\n\n\n\n\n\n\n\n\n\n\n\n\nVers\u00e3o simplificada\nA vers\u00e3o simplificada ou logo resume-se \u00e0 parte mais destac\u00e1vel da \nidentidade visual: o N de &#8220;N\u00f4made&#8221; com a estiliza\u00e7\u00e3o da figura de um p\u00e9.\n As mesmas regras das vers\u00f5es P&amp;B e varia\u00e7\u00f5es coloridas se aplicam \nnesse caso.\n\n\n\n\n\n\n\n\n\n\n\n\n\n\n\n\n\n\n\n\n\n\n\n\n\n\n\n\n\n\n\n\n\n\n\n\n\n\nCores\nAs principais cores da identidade s\u00e3o o rosa e verde chamativos, representando a personalidade disruptiva, art\u00edstica e diferente do coletivo. Essas cores mais fortes s\u00e3o balanceadas com tons mais s\u00f3brios de azul e preto, sendo o azul a cor principal de acento da paleta. Foram adicionados dois tons de rosa para balancear o contraste em rela\u00e7\u00e3o \u00e0s outras cores.\n\n\n\n\n\n\n\n\n\n\n\n#292265ff\n\n\n\n#cf66beff\n\n\n\n#d689c1ff\n\n\n\n#9de71dff\n\n\n\n#211f23ff\n\n\n\n\n\n\n\n\n\nTipografia\n\n\n\nT\u00edtulos\n\n\nAa\nAa Bc Cc Dd Ee Ff Gg Hh Ii Jj Kk Ll Mm Nn Oo Pp Qq Rr Ss Tt Uu Vv Ww Yy Xx Zz 1234567890\n\n\nO tipo de t\u00edtulo escolhido \u00e9 a Chewy, dispon\u00edvel no Google Fonts. O \nmotivo da escolha foi a semelhan\u00e7a com a escrita \u00e0 m\u00e3o utilizada na \npalavra &#8220;N\u00f4made&#8221; da logomarca.\n\n\n\n\n\n\nCorpo de texto\nCorpo <br>de texto\n\n\nAa\nAa Bc Cc Dd Ee Ff Gg Hh Ii Jj Kk Ll Mm Nn Oo Pp Qq Rr Ss Tt Uu Vv Ww Yy Xx Zz 1234567890\n\n\nPara corpo de texto impresso e digital, o tipo &#8220;Montserrat&#8221; foi escolhido pois transmite modernidade e boa legibilidade ao mesmo tempo que combina tematicamente com o tipo Chewy em seu formato arredondado.\n\n\n\n\n\n\n\n\n\n\nAplica\u00e7\u00e3o","protected":false},"excerpt":{"rendered":"","protected":false},"author":1,"featured_media":0,"parent":0,"menu_order":0,"comment_status":"closed","ping_status":"closed","template":"","meta":{"pagelayer_contact_templates":[],"_pagelayer_content":"","inline_featured_image":false,"_uag_custom_page_level_css":"","dsgo_overlay_header":false,"dsgo_overlay_header_text_color":"","dsgo_overlay_skip_top_bar":false,"_designsetgo_exclude_llms":false,"footnotes":""},"class_list":["post-938","page","type-page","status-publish","hentry"],"uagb_featured_image_src":{"full":false,"thumbnail":false,"medium":false,"medium_large":false,"large":false,"1536x1536":false,"2048x2048":false,"trp-custom-language-flag":false},"uagb_author_info":{"display_name":"admin","author_link":"https:\/\/theaquino.com.br\/en\/author\/admin\/"},"uagb_comment_info":0,"uagb_excerpt":null,"jetpack_sharing_enabled":true,"_links":{"self":[{"href":"https:\/\/theaquino.com.br\/en\/wp-json\/wp\/v2\/pages\/938","targetHints":{"allow":["GET"]}}],"collection":[{"href":"https:\/\/theaquino.com.br\/en\/wp-json\/wp\/v2\/pages"}],"about":[{"href":"https:\/\/theaquino.com.br\/en\/wp-json\/wp\/v2\/types\/page"}],"author":[{"embeddable":true,"href":"https:\/\/theaquino.com.br\/en\/wp-json\/wp\/v2\/users\/1"}],"replies":[{"embeddable":true,"href":"https:\/\/theaquino.com.br\/en\/wp-json\/wp\/v2\/comments?post=938"}],"version-history":[{"count":325,"href":"https:\/\/theaquino.com.br\/en\/wp-json\/wp\/v2\/pages\/938\/revisions"}],"predecessor-version":[{"id":1554,"href":"https:\/\/theaquino.com.br\/en\/wp-json\/wp\/v2\/pages\/938\/revisions\/1554"}],"wp:attachment":[{"href":"https:\/\/theaquino.com.br\/en\/wp-json\/wp\/v2\/media?parent=938"}],"curies":[{"name":"wp","href":"https:\/\/api.w.org\/{rel}","templated":true}]}}